{"id":78,"date":"2016-07-11T14:19:07","date_gmt":"2016-07-11T12:19:07","guid":{"rendered":"https:\/\/houtenverpakkingen.be\/?page_id=78"},"modified":"2017-10-12T13:17:16","modified_gmt":"2017-10-12T11:17:16","slug":"uber-uns","status":"publish","type":"page","link":"https:\/\/houtenverpakkingen.be\/de\/uber-uns\/","title":{"rendered":"\u00dcber uns"},"content":{"rendered":"<p>[et_pb_section fb_built=&#8221;1&#8243; background_color=&#8221;#ffffff&#8221; fullwidth=&#8221;on&#8221; admin_label=&#8221;Sectie&#8221; custom_padding_last_edited=&#8221;on|desktop&#8221; _builder_version=&#8221;3.0.47&#8243; background_image=&#8221;https:\/\/houtenverpakkingen.be\/wp-content\/uploads\/2016\/07\/03.jpg&#8221; custom_padding_tablet=&#8221;50px|0|50px|0&#8243; transparent_background=&#8221;off&#8221; padding_mobile=&#8221;off&#8221;][et_pb_fullwidth_slider show_content_on_mobile=&#8221;off&#8221; admin_label=&#8221;Volle breedte slider&#8221; _builder_version=&#8221;3.0.47&#8243; background_size=&#8221;default&#8221; background_position=&#8221;bottom_center&#8221; custom_padding=&#8221;250px||250px|&#8221; custom_padding_tablet=&#8221;|||&#8221; custom_padding_phone=&#8221;|||&#8221; auto=&#8221;on&#8221; auto_speed=&#8221;5000&#8243; top_padding=&#8221;250px&#8221; bottom_padding=&#8221;250px&#8221; remove_inner_shadow=&#8221;off&#8221; hide_content_on_mobile=&#8221;on&#8221; hide_cta_on_mobile=&#8221;off&#8221;][et_pb_slide use_bg_overlay=&#8221;off&#8221; use_text_overlay=&#8221;off&#8221; _builder_version=&#8221;3.0.47&#8243; header_font=&#8221;||||&#8221; body_font=&#8221;||||&#8221; background_image=&#8221;https:\/\/houtenverpakkingen.be\/wp-content\/uploads\/2016\/07\/04.jpg&#8221; background_size=&#8221;default&#8221; background_position=&#8221;default&#8221; custom_button=&#8221;off&#8221; button_icon_placement=&#8221;right&#8221; button_on_hover=&#8221;on&#8221;]<\/p>\n<p>[\/et_pb_slide][et_pb_slide use_bg_overlay=&#8221;off&#8221; use_text_overlay=&#8221;off&#8221; _builder_version=&#8221;3.0.47&#8243; header_font=&#8221;||||&#8221; body_font=&#8221;||||&#8221; background_image=&#8221;https:\/\/houtenverpakkingen.be\/wp-content\/uploads\/2016\/07\/01.jpg&#8221; background_size=&#8221;default&#8221; background_position=&#8221;default&#8221; custom_button=&#8221;off&#8221; button_icon_placement=&#8221;right&#8221; button_on_hover=&#8221;on&#8221;]<\/p>\n<p>[\/et_pb_slide][et_pb_slide use_bg_overlay=&#8221;off&#8221; use_text_overlay=&#8221;off&#8221; _builder_version=&#8221;3.0.47&#8243; header_font=&#8221;||||&#8221; body_font=&#8221;||||&#8221; background_image=&#8221;https:\/\/houtenverpakkingen.be\/wp-content\/uploads\/2016\/07\/0411134126.jpg&#8221; background_size=&#8221;default&#8221; background_position=&#8221;default&#8221; custom_button=&#8221;off&#8221; button_icon_placement=&#8221;right&#8221; button_on_hover=&#8221;on&#8221;]<\/p>\n<p><\/p>\n<p>[\/et_pb_slide][et_pb_slide use_bg_overlay=&#8221;off&#8221; use_text_overlay=&#8221;off&#8221; _builder_version=&#8221;3.0.47&#8243; header_font=&#8221;||||&#8221; body_font=&#8221;||||&#8221; background_image=&#8221;https:\/\/houtenverpakkingen.be\/wp-content\/uploads\/2016\/07\/03.jpg&#8221; background_size=&#8221;default&#8221; background_position=&#8221;default&#8221; custom_button=&#8221;off&#8221; button_icon_placement=&#8221;right&#8221; button_on_hover=&#8221;on&#8221;]<\/p>\n<p>[\/et_pb_slide][\/et_pb_fullwidth_slider][\/et_pb_section][et_pb_section fb_built=&#8221;1&#8243; background_color=&#8221;#ffffff&#8221; admin_label=&#8221;section&#8221; custom_padding_last_edited=&#8221;on|desktop&#8221; _builder_version=&#8221;3.0.47&#8243; custom_padding=&#8221;||40px|&#8221; custom_padding_tablet=&#8221;50px|0|50px|0&#8243; transparent_background=&#8221;off&#8221; padding_mobile=&#8221;off&#8221;][et_pb_row custom_padding=&#8221;50px||NaNpx|&#8221; padding_mobile=&#8221;off&#8221; column_padding_mobile=&#8221;on&#8221; parallax_method_1=&#8221;off&#8221; admin_label=&#8221;row&#8221; _builder_version=&#8221;3.0.47&#8243; background_size=&#8221;initial&#8221; background_position=&#8221;top_left&#8221; background_repeat=&#8221;repeat&#8221; _i=&#8221;0&#8243; _address=&#8221;1.0&#8243;][et_pb_column type=&#8221;4_4&#8243; _builder_version=&#8221;3.0.47&#8243; column_padding_mobile=&#8221;on&#8221; parallax=&#8221;off&#8221; parallax_method=&#8221;off&#8221;][et_pb_text admin_label=&#8221;Tekst&#8221; _builder_version=&#8221;3.0.47&#8243; background_size=&#8221;initial&#8221; background_position=&#8221;top_left&#8221; background_repeat=&#8221;repeat&#8221; text_orientation=&#8221;center&#8221; module_alignment=&#8221;center&#8221; _i=&#8221;0&#8243; _address=&#8221;1.0.0.0&#8243;]<\/p>\n<h2 class=\"p2\"><b>\u00dcber uns<\/b><\/h2>\n<p>[\/et_pb_text][et_pb_divider color=&#8221;#202d3c&#8221; show_divider=&#8221;on&#8221; divider_style=&#8221;solid&#8221; divider_position=&#8221;top&#8221; divider_weight=&#8221;1px&#8221; disabled_on=&#8221;on|on|off&#8221; admin_label=&#8221;Verdeler&#8221; _builder_version=&#8221;3.0.47&#8243; hide_on_mobile=&#8221;on&#8221;] [\/et_pb_divider][\/et_pb_column][\/et_pb_row][et_pb_row custom_padding=&#8221;17px|0px|0px|0px&#8221; padding_mobile=&#8221;off&#8221; column_padding_mobile=&#8221;on&#8221; admin_label=&#8221;Rij&#8221; _builder_version=&#8221;3.0.47&#8243; background_size=&#8221;initial&#8221; background_position=&#8221;top_left&#8221; background_repeat=&#8221;repeat&#8221; _i=&#8221;1&#8243; _address=&#8221;1.1&#8243;][et_pb_column type=&#8221;2_3&#8243; _builder_version=&#8221;3.0.47&#8243; column_padding_mobile=&#8221;on&#8221; parallax=&#8221;off&#8221; parallax_method=&#8221;on&#8221;][et_pb_text admin_label=&#8221;Tekst&#8221; _builder_version=&#8221;3.0.47&#8243; background_size=&#8221;initial&#8221; background_position=&#8221;top_left&#8221; background_repeat=&#8221;repeat&#8221; custom_margin=&#8221;|||&#8221; custom_padding=&#8221;|||&#8221; _i=&#8221;0&#8243; _address=&#8221;1.1.0.0&#8243;]<\/p>\n<p class=\"p2\">Unsere Wurzeln liegen vor mehr als 75 Jahren, im Jahre 1939.<\/p>\n<p class=\"p2\">Unser Gro\u00dfvater Vanhove Martinus betrieb damals ein S\u00e4gewerk, haupts\u00e4chlich zur Verarbeitung von Eichenst\u00e4mmen. Schnell entstand auch die Nachrage nach Scheunen und St\u00e4llen.<\/p>\n<p class=\"p2\">Diese wurden dann von Hand auf dem Gel\u00e4nde des S\u00e4gewerkes hergestellt. Aufgrund dieses Extraservices wurde auch unsere Tochterfirma \u201eDe Boomkamer\u201c gegr\u00fcndet.<\/p>\n<p class=\"p2\">Sein Sohn Vanhove Christiaan brachte die Firma dann zu weiterem Wachstum und spezialisierte sich dann in den Handel von Holz und Holzverpackungen. Er verstarb im Alter von 52 Jahren.<\/p>\n<p class=\"p2\">Die Vanhoeve Group Wird nun stolz und professionell in dritter Generation gef\u00fchrt von den drei S\u00f6hnen von Verhove Christiaan.\u00a0<\/p>\n<p class=\"p2\">Die Produktion unserer h\u00f6lzernen Verpackungen wird hervorragend unterst\u00fctzt durch unseren Holzhandel und genau deswegen haben wir immer eine gro\u00dfe Menge Holz und Platten auf Lager.<\/p>\n<p class=\"p2\">Dies erm\u00f6glicht uns zimmerschnell auf die Anspr\u00fcche unserer Kunden einzugehen.<\/p>\n<p class=\"p2\">Mit unserem modernen, computergest\u00fctzten Maschinenpark bearbeiten wir auch das Material zur sp\u00e4teren Verpackung.\u00a0<\/p>\n<p class=\"p2\">Durch jahrelange Erfahrung und Passion sind wir \u00fcberzeugt auch ihnen eine geeignete Verpackung auf Ma\u00df bieten zu k\u00f6nnen.<\/p>\n<p><\/p>\n<p>[\/et_pb_text][\/et_pb_column][et_pb_column type=&#8221;1_3&#8243; _builder_version=&#8221;3.0.47&#8243; column_padding_mobile=&#8221;on&#8221; parallax=&#8221;off&#8221; parallax_method=&#8221;on&#8221;][et_pb_image src=&#8221;https:\/\/houtenverpakkingen.be\/wp-content\/uploads\/2016\/09\/7.jpg&#8221; _builder_version=&#8221;3.0.47&#8243; animation_style=&#8221;slide&#8221; animation_direction=&#8221;left&#8221; animation_duration=&#8221;500ms&#8221; animation_intensity_slide=&#8221;10%&#8221; sticky=&#8221;off&#8221; _i=&#8221;0&#8243; _address=&#8221;1.1.1.0&#8243;][\/et_pb_image][\/et_pb_column][\/et_pb_row][et_pb_row use_custom_width=&#8221;on&#8221; custom_width_px=&#8221;699px&#8221; custom_padding=&#8221;0px|0px|0px|0px&#8221; padding_mobile=&#8221;off&#8221; column_padding_mobile=&#8221;on&#8221; _builder_version=&#8221;3.0.47&#8243; background_size=&#8221;initial&#8221; background_position=&#8221;top_left&#8221; background_repeat=&#8221;repeat&#8221; _i=&#8221;2&#8243; _address=&#8221;1.2&#8243;][et_pb_column type=&#8221;4_4&#8243; _builder_version=&#8221;3.0.47&#8243; column_padding_mobile=&#8221;on&#8221; parallax=&#8221;off&#8221; parallax_method=&#8221;on&#8221;][et_pb_cta title=&#8221;Ihr pers\u00f6nliches Angebot&#8221; button_url=&#8221;https:\/\/houtenverpakkingen.be\/de\/angebot\/&#8221; button_text=&#8221;Angebot anfragen&#8221; background_color=&#8221;#263445&#8243; admin_label=&#8221;Oproep tot actie&#8221; _builder_version=&#8221;3.0.47&#8243; header_font=&#8221;|on|||&#8221; background_size=&#8221;initial&#8221; background_position=&#8221;top_left&#8221; background_repeat=&#8221;repeat&#8221; global_module=&#8221;272&#8243; saved_tabs=&#8221;all&#8221; _i=&#8221;0&#8243; _address=&#8221;1.2.0.0&#8243;]<\/p>\n<h5 class=\"p1\">Fordern Sie hier Ihr kostenloses Angebot an.<\/h5>\n<p>[\/et_pb_cta][\/et_pb_column][\/et_pb_row][\/et_pb_section][et_pb_section fb_built=&#8221;1&#8243; background_color=&#8221;#f7f7f7&#8243; inner_shadow=&#8221;on&#8221; parallax_1=&#8221;off&#8221; parallax_2=&#8221;off&#8221; parallax_3=&#8221;off&#8221; parallax_method_1=&#8221;on&#8221; parallax_method_2=&#8221;on&#8221; parallax_method_3=&#8221;on&#8221; admin_label=&#8221;Afbeelding&#8221; custom_padding_last_edited=&#8221;on|desktop&#8221; _builder_version=&#8221;3.0.47&#8243; custom_padding=&#8221;73px|0px|55px|0px&#8221; custom_padding_tablet=&#8221;50px|0|50px|0&#8243; transparent_background=&#8221;off&#8221; padding_mobile=&#8221;off&#8221; global_module=&#8221;252&#8243;][et_pb_row custom_padding=&#8221;0px|0px|0px|0px&#8221; padding_mobile=&#8221;off&#8221; column_padding_mobile=&#8221;on&#8221; _builder_version=&#8221;3.0.47&#8243; background_size=&#8221;initial&#8221; background_position=&#8221;top_left&#8221; background_repeat=&#8221;repeat&#8221; _i=&#8221;0&#8243; _address=&#8221;2.0&#8243;][et_pb_column type=&#8221;1_3&#8243; _builder_version=&#8221;3.0.47&#8243; column_padding_mobile=&#8221;on&#8221; parallax=&#8221;off&#8221; parallax_method=&#8221;on&#8221;][et_pb_image src=&#8221;https:\/\/houtenverpakkingen.be\/wp-content\/uploads\/2016\/07\/pefc-keurmerk-4.png&#8221; url=&#8221;https:\/\/houtenverpakkingen.be\/de\/zertifizierungen\/&#8221; align=&#8221;center&#8221; _builder_version=&#8221;3.0.47&#8243; animation_style=&#8221;slide&#8221; animation_direction=&#8221;left&#8221; animation_duration=&#8221;500ms&#8221; animation_intensity_slide=&#8221;10%&#8221; sticky=&#8221;off&#8221; _i=&#8221;0&#8243; _address=&#8221;2.0.0.0&#8243;] [\/et_pb_image][et_pb_text _builder_version=&#8221;3.0.47&#8243; background_size=&#8221;initial&#8221; background_position=&#8221;top_left&#8221; background_repeat=&#8221;repeat&#8221; text_orientation=&#8221;center&#8221; module_alignment=&#8221;center&#8221; custom_margin=&#8221;0px||0px|&#8221; custom_padding=&#8221;0px||0px|&#8221; _i=&#8221;1&#8243; _address=&#8221;2.0.0.1&#8243;]<span style=\"text-decoration: underline;font-size: large\"><a title=\"certificering\" href=\"https:\/\/houtenverpakkingen.be\/de\/zertifizierungen\/\">Siehe Details<\/a><\/span>[\/et_pb_text][\/et_pb_column][et_pb_column type=&#8221;1_3&#8243; _builder_version=&#8221;3.0.47&#8243; column_padding_mobile=&#8221;on&#8221; parallax=&#8221;off&#8221; parallax_method=&#8221;on&#8221;][et_pb_image src=&#8221;https:\/\/houtenverpakkingen.be\/wp-content\/uploads\/2016\/07\/ISPM15.png&#8221; url=&#8221;https:\/\/houtenverpakkingen.be\/de\/zertifizierungen\/&#8221; align=&#8221;center&#8221; _builder_version=&#8221;3.0.80&#8243; max_width=&#8221;245px&#8221; animation_style=&#8221;slide&#8221; animation_direction=&#8221;left&#8221; animation_duration=&#8221;500ms&#8221; animation_intensity_slide=&#8221;10%&#8221; sticky=&#8221;off&#8221; _i=&#8221;0&#8243; _address=&#8221;2.0.1.0&#8243;] [\/et_pb_image][et_pb_text _builder_version=&#8221;3.0.47&#8243; background_size=&#8221;initial&#8221; background_position=&#8221;top_left&#8221; background_repeat=&#8221;repeat&#8221; text_orientation=&#8221;center&#8221; module_alignment=&#8221;center&#8221; custom_margin=&#8221;0px||0px|&#8221; custom_padding=&#8221;0px||0px|&#8221; _i=&#8221;1&#8243; _address=&#8221;2.0.1.1&#8243;]<\/p>\n<p><span style=\"text-decoration: underline;font-size: large\"><a title=\"certificering\" href=\"https:\/\/houtenverpakkingen.be\/de\/zertifizierungen\/\">Siehe Details<\/a><\/span><\/p>\n<p>[\/et_pb_text][\/et_pb_column][et_pb_column type=&#8221;1_3&#8243; _builder_version=&#8221;3.0.47&#8243; column_padding_mobile=&#8221;on&#8221; parallax=&#8221;off&#8221; parallax_method=&#8221;on&#8221;][et_pb_image src=&#8221;https:\/\/houtenverpakkingen.be\/de\/wp-content\/uploads\/sites\/3\/2017\/10\/fscgreenonwhite.png&#8221; url=&#8221;https:\/\/houtenverpakkingen.be\/de\/zertifizierungen\/&#8221; align=&#8221;center&#8221; _builder_version=&#8221;3.0.80&#8243; animation_style=&#8221;slide&#8221; animation_direction=&#8221;left&#8221; animation_duration=&#8221;500ms&#8221; animation_intensity_slide=&#8221;10%&#8221; sticky=&#8221;off&#8221; _i=&#8221;0&#8243; _address=&#8221;2.0.2.0&#8243; max_width=&#8221;27%&#8221;] [\/et_pb_image][et_pb_text _builder_version=&#8221;3.0.47&#8243; background_size=&#8221;initial&#8221; background_position=&#8221;top_left&#8221; background_repeat=&#8221;repeat&#8221; text_orientation=&#8221;center&#8221; module_alignment=&#8221;center&#8221; custom_margin=&#8221;0px||0px|&#8221; custom_padding=&#8221;0px||0px|&#8221; _i=&#8221;1&#8243; _address=&#8221;2.0.2.1&#8243;]<\/p>\n<p><span style=\"text-decoration: underline;font-size: large\"><a title=\"certificering\" href=\"https:\/\/houtenverpakkingen.be\/de\/zertifizierungen\/\">Siehe Details<\/a><\/span><\/p>\n<p>[\/et_pb_text][\/et_pb_column][\/et_pb_row][\/et_pb_section][et_pb_section fb_built=&#8221;1&#8243; background_color=&#8221;#ffffff&#8221; parallax_1=&#8221;off&#8221; parallax_2=&#8221;off&#8221; parallax_3=&#8221;off&#8221; parallax_method_1=&#8221;off&#8221; parallax_method_2=&#8221;off&#8221; parallax_method_3=&#8221;off&#8221; admin_label=&#8221;Sectie&#8221; custom_padding_last_edited=&#8221;on|desktop&#8221; _builder_version=&#8221;3.0.47&#8243; background_image=&#8221;https:\/\/houtenverpakkingen.be\/wp-content\/uploads\/2016\/07\/header02.jpg&#8221; custom_padding=&#8221;||50px|&#8221; custom_padding_tablet=&#8221;50px|0|50px|0&#8243; custom_css_main_element=&#8221;border-radius: 4px;&#8221; transparent_background=&#8221;off&#8221; padding_mobile=&#8221;off&#8221; global_module=&#8221;263&#8243;][et_pb_row custom_padding=&#8221;0px|0px|0px|0px&#8221; padding_mobile=&#8221;off&#8221; column_padding_mobile=&#8221;on&#8221; admin_label=&#8221;Rij&#8221; _builder_version=&#8221;3.0.47&#8243; background_size=&#8221;initial&#8221; background_position=&#8221;top_left&#8221; background_repeat=&#8221;repeat&#8221; _i=&#8221;0&#8243; _address=&#8221;3.0&#8243;][et_pb_column type=&#8221;4_4&#8243; _builder_version=&#8221;3.0.47&#8243; column_padding_mobile=&#8221;on&#8221; parallax=&#8221;off&#8221; parallax_method=&#8221;on&#8221;][\/et_pb_column][\/et_pb_row][et_pb_row custom_padding=&#8221;|50px||25px&#8221; padding_mobile=&#8221;off&#8221; background_color=&#8221;rgba(252,252,252,0.25)&#8221; column_padding_mobile=&#8221;on&#8221; parallax_method_1=&#8221;off&#8221; parallax_method_2=&#8221;off&#8221; parallax_method_3=&#8221;off&#8221; parallax_method_4=&#8221;off&#8221; admin_label=&#8221;Rij&#8221; _builder_version=&#8221;3.0.47&#8243; background_size=&#8221;initial&#8221; background_position=&#8221;top_left&#8221; background_repeat=&#8221;repeat&#8221; custom_css_main_element=&#8221;border-radius: 4px;&#8221; _i=&#8221;1&#8243; _address=&#8221;3.1&#8243;][et_pb_column type=&#8221;1_4&#8243; _builder_version=&#8221;3.0.47&#8243; column_padding_mobile=&#8221;on&#8221; parallax=&#8221;off&#8221; parallax_method=&#8221;off&#8221;][et_pb_blurb title=&#8221;Telefon&#8221; use_icon=&#8221;on&#8221; font_icon=&#8221;\ue090&#8221; icon_placement=&#8221;left&#8221; background_layout=&#8221;dark&#8221; admin_label=&#8221;Blurb&#8221; _builder_version=&#8221;3.0.47&#8243; header_font=&#8221;|on|||&#8221; background_size=&#8221;initial&#8221; background_position=&#8221;top_left&#8221; background_repeat=&#8221;repeat&#8221; _i=&#8221;0&#8243; _address=&#8221;3.1.0.0&#8243;]<\/p>\n<p>(+32) 089 &#8211; 70 11 70<\/p>\n<p>[\/et_pb_blurb][\/et_pb_column][et_pb_column type=&#8221;1_4&#8243; _builder_version=&#8221;3.0.47&#8243; column_padding_mobile=&#8221;on&#8221; parallax=&#8221;off&#8221; parallax_method=&#8221;off&#8221;][et_pb_blurb title=&#8221;Adresse&#8221; use_icon=&#8221;on&#8221; font_icon=&#8221;\ue081&#8221; icon_placement=&#8221;left&#8221; background_layout=&#8221;dark&#8221; admin_label=&#8221;Blurb&#8221; _builder_version=&#8221;3.0.47&#8243; header_font=&#8221;|on|||&#8221; background_size=&#8221;initial&#8221; background_position=&#8221;top_left&#8221; background_repeat=&#8221;repeat&#8221; _i=&#8221;0&#8243; _address=&#8221;3.1.1.0&#8243;]<\/p>\n<p>Leuerbroek 1046<br \/>\n3640 Kinrooi<\/p>\n<p>[\/et_pb_blurb][\/et_pb_column][et_pb_column type=&#8221;1_4&#8243; _builder_version=&#8221;3.0.47&#8243; column_padding_mobile=&#8221;on&#8221; parallax=&#8221;off&#8221; parallax_method=&#8221;off&#8221;][et_pb_blurb title=&#8221;Gesch\u00e4ftszeiten&#8221; use_icon=&#8221;on&#8221; font_icon=&#8221;}&#8221; icon_placement=&#8221;left&#8221; background_layout=&#8221;dark&#8221; admin_label=&#8221;Blurb&#8221; _builder_version=&#8221;3.0.47&#8243; header_font=&#8221;|on|||&#8221; background_size=&#8221;initial&#8221; background_position=&#8221;top_left&#8221; background_repeat=&#8221;repeat&#8221; _i=&#8221;0&#8243; _address=&#8221;3.1.2.0&#8243;]<\/p>\n<p>Mo \u2013 Fr \u00a08:00 t\/m 12:00 &#038; 13:00 t\/m 18:00<br \/>\nSa 8:00 t\/m 12:00<\/p>\n<p>[\/et_pb_blurb][\/et_pb_column][et_pb_column type=&#8221;1_4&#8243; _builder_version=&#8221;3.0.47&#8243; column_padding_mobile=&#8221;on&#8221; parallax=&#8221;off&#8221; parallax_method=&#8221;off&#8221;][et_pb_blurb title=&#8221;E-Mail&#8221; use_icon=&#8221;on&#8221; font_icon=&#8221;\ue076&#8221; icon_placement=&#8221;left&#8221; background_layout=&#8221;dark&#8221; admin_label=&#8221;Blurb&#8221; _builder_version=&#8221;3.0.47&#8243; header_font=&#8221;|on|||&#8221; background_size=&#8221;initial&#8221; background_position=&#8221;top_left&#8221; background_repeat=&#8221;repeat&#8221; _i=&#8221;0&#8243; _address=&#8221;3.1.3.0&#8243;]<\/p>\n<p>info@houtenverpakkingen.be<\/p>\n<p>[\/et_pb_blurb][\/et_pb_column][\/et_pb_row][et_pb_row custom_padding=&#8221;50px|||&#8221; padding_mobile=&#8221;off&#8221; column_padding_mobile=&#8221;on&#8221; parallax_method_1=&#8221;off&#8221; admin_label=&#8221;Rij&#8221; _builder_version=&#8221;3.0.47&#8243; background_size=&#8221;initial&#8221; background_position=&#8221;top_left&#8221; background_repeat=&#8221;repeat&#8221; _i=&#8221;2&#8243; _address=&#8221;3.2&#8243;][et_pb_column type=&#8221;4_4&#8243; _builder_version=&#8221;3.0.47&#8243; column_padding_mobile=&#8221;on&#8221; parallax=&#8221;off&#8221; parallax_method=&#8221;off&#8221;][et_pb_cta title=&#8221;Haben sie fragen?&#8221; button_url=&#8221;https:\/\/houtenverpakkingen.be\/de\/kontakt\/&#8221; button_text=&#8221;Kontakt&#8221; background_color=&#8221;rgba(255,255,255,0)&#8221; admin_label=&#8221;Oproep tot actie&#8221; _builder_version=&#8221;3.0.47&#8243; header_font=&#8221;|on|||&#8221; header_font_size=&#8221;36px&#8221; background_size=&#8221;initial&#8221; background_position=&#8221;top_left&#8221; background_repeat=&#8221;repeat&#8221; custom_padding=&#8221;||50px|&#8221; _i=&#8221;0&#8243; _address=&#8221;3.2.0.0&#8243;]<\/p>\n<h5 class=\"p1\"><span class=\"s1\">Wenden Sie sich bitte vertrauensvoll an unsere Mitarbeiter<\/span><\/h5>\n<p>[\/et_pb_cta][\/et_pb_column][\/et_pb_row][\/et_pb_section]<\/p>\n","protected":false},"excerpt":{"rendered":"<p>\u00dcber uns Unsere Wurzeln liegen vor mehr als 75 Jahren, im Jahre 1939.Unser Gro\u00dfvater Vanhove Martinus betrieb damals ein S\u00e4gewerk, haupts\u00e4chlich zur Verarbeitung von Eichenst\u00e4mmen. Schnell entstand auch die Nachrage nach Scheunen und St\u00e4llen.Diese wurden dann von Hand auf dem Gel\u00e4nde des S\u00e4gewerkes hergestellt. Aufgrund dieses Extraservices wurde auch unsere Tochterfirma \u201eDe Boomkamer\u201c gegr\u00fcndet.Sein Sohn [&hellip;]<\/p>\n","protected":false},"author":1,"featured_media":0,"parent":0,"menu_order":0,"comment_status":"closed","ping_status":"closed","template":"","meta":{"_et_pb_use_builder":"on","_et_pb_old_content":"","_et_gb_content_width":""},"_links":{"self":[{"href":"https:\/\/houtenverpakkingen.be\/de\/wp-json\/wp\/v2\/pages\/78"}],"collection":[{"href":"https:\/\/houtenverpakkingen.be\/de\/wp-json\/wp\/v2\/pages"}],"about":[{"href":"https:\/\/houtenverpakkingen.be\/de\/wp-json\/wp\/v2\/types\/page"}],"author":[{"embeddable":true,"href":"https:\/\/houtenverpakkingen.be\/de\/wp-json\/wp\/v2\/users\/1"}],"replies":[{"embeddable":true,"href":"https:\/\/houtenverpakkingen.be\/de\/wp-json\/wp\/v2\/comments?post=78"}],"version-history":[{"count":12,"href":"https:\/\/houtenverpakkingen.be\/de\/wp-json\/wp\/v2\/pages\/78\/revisions"}],"predecessor-version":[{"id":406,"href":"https:\/\/houtenverpakkingen.be\/de\/wp-json\/wp\/v2\/pages\/78\/revisions\/406"}],"wp:attachment":[{"href":"https:\/\/houtenverpakkingen.be\/de\/wp-json\/wp\/v2\/media?parent=78"}],"curies":[{"name":"wp","href":"https:\/\/api.w.org\/{rel}","templated":true}]}}